{"id":738,"date":"2024-10-23T08:14:03","date_gmt":"2024-10-23T08:14:03","guid":{"rendered":"http:\/\/www.mitelsproduccions.com\/?page_id=738"},"modified":"2024-11-20T10:48:10","modified_gmt":"2024-11-20T09:48:10","slug":"inici","status":"publish","type":"page","link":"https:\/\/www.mitelsproduccions.com\/es\/","title":{"rendered":"Inicio"},"content":{"rendered":"<div data-elementor-type=\"wp-page\" data-elementor-id=\"738\" class=\"elementor elementor-738\" data-elementor-post-type=\"page\">\n\t\t\t\t\t\t<section class=\"elementor-section elementor-top-section elementor-element elementor-element-ff97dd8 elementor-section-full_width elementor-section-height-default elementor-section-height-default\" data-id=\"ff97dd8\" data-element_type=\"section\" data-settings=\"{&quot;background_background&quot;:&quot;classic&quot;}\">\n\t\t\t\t\t\t\t<div class=\"elementor-background-overlay\"><\/div>\n\t\t\t\t\t\t\t<div class=\"elementor-container elementor-column-gap-no\">\n\t\t\t\t\t<div class=\"elementor-column elementor-col-100 elementor-top-column elementor-element elementor-element-a8800ea\" data-id=\"a8800ea\" data-element_type=\"column\">\n\t\t\t<div class=\"elementor-widget-wrap elementor-element-populated\">\n\t\t\t\t\t\t<div class=\"elementor-element elementor-element-4c30be5 elementor-widget__width-inherit elementor-widget-mobile__width-inherit elementor--h-position-center elementor--v-position-middle elementor-widget elementor-widget-slides\" data-id=\"4c30be5\" data-element_type=\"widget\" data-settings=\"{&quot;navigation&quot;:&quot;none&quot;,&quot;autoplay_speed&quot;:4000,&quot;transition_speed&quot;:700,&quot;autoplay&quot;:&quot;yes&quot;,&quot;pause_on_hover&quot;:&quot;yes&quot;,&quot;pause_on_interaction&quot;:&quot;yes&quot;,&quot;infinite&quot;:&quot;yes&quot;,&quot;transition&quot;:&quot;slide&quot;}\" data-widget_type=\"slides.default\">\n\t\t\t\t<div class=\"elementor-widget-container\">\n\t\t\t\t\t<div class=\"elementor-swiper\">\n\t\t\t<div class=\"elementor-slides-wrapper elementor-main-swiper swiper\" dir=\"ltr\" data-animation=\"fadeInUp\">\n\t\t\t\t<div class=\"swiper-wrapper elementor-slides\">\n\t\t\t\t\t\t\t\t\t\t<div class=\"elementor-repeater-item-5ef8439 swiper-slide\"><div class=\"swiper-slide-bg\" role=\"img\"><\/div><div class=\"elementor-background-overlay\"><\/div><a class=\"swiper-slide-inner\" href=\"https:\/\/www.mitelsproduccions.com\/es\/contacte\/\"><div class=\"swiper-slide-contents\"><div class=\"elementor-slide-heading\">ESPECIALISTAS EN SERVICIOS T\u00c9CNICOS Y AUXILIARES DE TEATRO.<\/div><div  class=\"elementor-button elementor-slide-button elementor-size-sm\">Contacto<\/div><\/div><\/a><\/div><div class=\"elementor-repeater-item-267f7a8 swiper-slide\"><div class=\"swiper-slide-bg\" role=\"img\"><\/div><div class=\"elementor-background-overlay\"><\/div><a class=\"swiper-slide-inner\" href=\"https:\/\/www.mitelsproduccions.com\/es\/contacte\/\"><div class=\"swiper-slide-contents\"><div class=\"elementor-slide-heading\">PRODUCCI\u00d3N Y GESTI\u00d3N DE EVENTOS CULTURALES, MUSICALES Y TEATRALES<\/div><div  class=\"elementor-button elementor-slide-button elementor-size-sm\">Contacto<\/div><\/div><\/a><\/div><div class=\"elementor-repeater-item-9fd730a swiper-slide\"><div class=\"swiper-slide-bg\" role=\"img\"><\/div><div class=\"elementor-background-overlay\"><\/div><a class=\"swiper-slide-inner\" href=\"https:\/\/www.mitelsproduccions.com\/es\/contacte\/\"><div class=\"swiper-slide-contents\"><div class=\"elementor-slide-heading\">IMAGINA. NOSOTROS LO HAREMOS REALIDAD<\/div><div  class=\"elementor-button elementor-slide-button elementor-size-sm\">Contacto<\/div><\/div><\/a><\/div><div class=\"elementor-repeater-item-f867794 swiper-slide\"><div class=\"swiper-slide-bg\" role=\"img\"><\/div><div class=\"elementor-background-overlay\"><\/div><a class=\"swiper-slide-inner\" href=\"https:\/\/www.mitelsproduccions.com\/es\/contacte\/\"><div class=\"swiper-slide-contents\"><div class=\"elementor-slide-heading\">M\u00c1S DE 25 A\u00d1OS DE EXPERIENCIA EN EL SECTOR<\/div><div  class=\"elementor-button elementor-slide-button elementor-size-sm\">Contacto<\/div><\/div><\/a><\/div>\t\t\t\t<\/div>\n\t\t\t\t\t\t\t\t\t\t\t\t\t\t\t\t\t\t\t\t\t<\/div>\n\t\t<\/div>\n\t\t\t\t<\/div>\n\t\t\t\t<\/div>\n\t\t\t\t\t<\/div>\n\t\t<\/div>\n\t\t\t\t\t<\/div>\n\t\t<\/section>\n\t\t<div class=\"elementor-element elementor-element-4d3dd87 e-flex e-con-boxed e-con e-parent\" data-id=\"4d3dd87\" data-element_type=\"container\">\n\t\t\t\t\t<div class=\"e-con-inner\">\n\t\t\t\t<div class=\"elementor-element elementor-element-f48b4c0 elementor-widget elementor-widget-heading\" data-id=\"f48b4c0\" data-element_type=\"widget\" data-widget_type=\"heading.default\">\n\t\t\t\t<div class=\"elementor-widget-container\">\n\t\t\t<h2 class=\"elementor-heading-title elementor-size-default\">Descubre nuestros servicios<\/h2>\t\t<\/div>\n\t\t\t\t<\/div>\n\t\t\t\t\t<\/div>\n\t\t\t\t<\/div>\n\t\t<div class=\"elementor-element elementor-element-05d096c e-flex e-con-boxed e-con e-parent\" data-id=\"05d096c\" data-element_type=\"container\">\n\t\t\t\t\t<div class=\"e-con-inner\">\n\t\t<div class=\"elementor-element elementor-element-0fe20ef e-con-full e-flex e-con e-child\" data-id=\"0fe20ef\" data-element_type=\"container\">\n\t\t\t\t<div class=\"elementor-element elementor-element-1335fc6 elementor-flip-box--direction-left elementor-flip-box--effect-flip elementor-widget elementor-widget-flip-box\" data-id=\"1335fc6\" data-element_type=\"widget\" data-widget_type=\"flip-box.default\">\n\t\t\t\t<div class=\"elementor-widget-container\">\n\t\t\t\t\t<div class=\"elementor-flip-box\" tabindex=\"0\">\n\t\t\t<div class=\"elementor-flip-box__layer elementor-flip-box__front\">\n\t\t\t\t<div class=\"elementor-flip-box__layer__overlay\">\n\t\t\t\t\t<div class=\"elementor-flip-box__layer__inner\">\n\t\t\t\t\t\t\n\t\t\t\t\t\t\t\t\t\t\t\t\t<h3 class=\"elementor-flip-box__layer__title\">\n\t\t\t\t\t\t\t\tServicios de personal\t\t\t\t\t\t\t<\/h3>\n\t\t\t\t\t\t\n\t\t\t\t\t\t\t\t\t\t\t<\/div>\n\t\t\t\t<\/div>\n\t\t\t<\/div>\n\t\t\t<div class=\"elementor-flip-box__layer elementor-flip-box__back\">\n\t\t\t<div class=\"elementor-flip-box__layer__overlay\">\n\t\t\t\t<div class=\"elementor-flip-box__layer__inner\">\n\t\t\t\t\t\t\t\t\t\t\t<h3 class=\"elementor-flip-box__layer__title\">\n\t\t\t\t\t\t\tServicios de personal\t\t\t\t\t\t<\/h3>\n\t\t\t\t\t\n\t\t\t\t\t\n\t\t\t\t\t\t\t\t\t\t\t<a class=\"elementor-flip-box__button elementor-button elementor-size-sm\" href=\"https:\/\/www.mitelsproduccions.com\/es\/serveis-de-personal\/\">\n\t\t\t\t\t\t\tM\u00e1s info\t\t\t\t\t\t<\/a>\n\t\t\t\t\t\t\t\t<\/div>\n\t\t<\/div>\n\t\t<\/div>\n\t\t<\/div>\n\t\t\t\t<\/div>\n\t\t\t\t<\/div>\n\t\t\t\t<\/div>\n\t\t<div class=\"elementor-element elementor-element-b1c9232 e-con-full e-flex e-con e-child\" data-id=\"b1c9232\" data-element_type=\"container\">\n\t\t\t\t<div class=\"elementor-element elementor-element-6eebdd9 elementor-flip-box--direction-left elementor-flip-box--effect-flip elementor-widget elementor-widget-flip-box\" data-id=\"6eebdd9\" data-element_type=\"widget\" data-widget_type=\"flip-box.default\">\n\t\t\t\t<div class=\"elementor-widget-container\">\n\t\t\t\t\t<div class=\"elementor-flip-box\" tabindex=\"0\">\n\t\t\t<div class=\"elementor-flip-box__layer elementor-flip-box__front\">\n\t\t\t\t<div class=\"elementor-flip-box__layer__overlay\">\n\t\t\t\t\t<div class=\"elementor-flip-box__layer__inner\">\n\t\t\t\t\t\t\n\t\t\t\t\t\t\t\t\t\t\t\t\t<h3 class=\"elementor-flip-box__layer__title\">\n\t\t\t\t\t\t\t\tProducci\u00f3n t\u00e9cnica\t\t\t\t\t\t\t<\/h3>\n\t\t\t\t\t\t\n\t\t\t\t\t\t\t\t\t\t\t<\/div>\n\t\t\t\t<\/div>\n\t\t\t<\/div>\n\t\t\t<div class=\"elementor-flip-box__layer elementor-flip-box__back\">\n\t\t\t<div class=\"elementor-flip-box__layer__overlay\">\n\t\t\t\t<div class=\"elementor-flip-box__layer__inner\">\n\t\t\t\t\t\t\t\t\t\t\t<h3 class=\"elementor-flip-box__layer__title\">\n\t\t\t\t\t\t\tProducci\u00f3n t\u00e9cnica\t\t\t\t\t\t<\/h3>\n\t\t\t\t\t\n\t\t\t\t\t\n\t\t\t\t\t\t\t\t\t\t\t<a class=\"elementor-flip-box__button elementor-button elementor-size-sm\" href=\"https:\/\/www.mitelsproduccions.com\/es\/produccio-tecnica\/\">\n\t\t\t\t\t\t\tM\u00e1s info\t\t\t\t\t\t<\/a>\n\t\t\t\t\t\t\t\t<\/div>\n\t\t<\/div>\n\t\t<\/div>\n\t\t<\/div>\n\t\t\t\t<\/div>\n\t\t\t\t<\/div>\n\t\t\t\t<\/div>\n\t\t\t\t\t<\/div>\n\t\t\t\t<\/div>\n\t\t<div class=\"elementor-element elementor-element-9509baf e-flex e-con-boxed e-con e-parent\" data-id=\"9509baf\" data-element_type=\"container\">\n\t\t\t\t\t<div class=\"e-con-inner\">\n\t\t<div class=\"elementor-element elementor-element-7640db3 e-con-full e-flex e-con e-child\" data-id=\"7640db3\" data-element_type=\"container\">\n\t\t\t\t<div class=\"elementor-element elementor-element-e735c18 elementor-flip-box--direction-left elementor-flip-box--effect-flip elementor-widget elementor-widget-flip-box\" data-id=\"e735c18\" data-element_type=\"widget\" data-widget_type=\"flip-box.default\">\n\t\t\t\t<div class=\"elementor-widget-container\">\n\t\t\t\t\t<div class=\"elementor-flip-box\" tabindex=\"0\">\n\t\t\t<div class=\"elementor-flip-box__layer elementor-flip-box__front\">\n\t\t\t\t<div class=\"elementor-flip-box__layer__overlay\">\n\t\t\t\t\t<div class=\"elementor-flip-box__layer__inner\">\n\t\t\t\t\t\t\t\t\t\t\t\t\t<div class=\"elementor-icon-wrapper elementor-view-default\">\n\t\t\t\t\t\t\t\t<div class=\"elementor-icon\">\n\t\t\t\t\t\t\t\t\t\t\t\t\t\t\t\t\t<\/div>\n\t\t\t\t\t\t\t<\/div>\n\t\t\t\t\t\t\n\t\t\t\t\t\t\t\t\t\t\t\t\t<h3 class=\"elementor-flip-box__layer__title\">\n\t\t\t\t\t\t\t\tGesti\u00f3n de equipos\t\t\t\t\t\t\t<\/h3>\n\t\t\t\t\t\t\n\t\t\t\t\t\t\t\t\t\t\t<\/div>\n\t\t\t\t<\/div>\n\t\t\t<\/div>\n\t\t\t<div class=\"elementor-flip-box__layer elementor-flip-box__back\">\n\t\t\t<div class=\"elementor-flip-box__layer__overlay\">\n\t\t\t\t<div class=\"elementor-flip-box__layer__inner\">\n\t\t\t\t\t\t\t\t\t\t\t<h3 class=\"elementor-flip-box__layer__title\">\n\t\t\t\t\t\t\tGesti\u00f3n de equipos\t\t\t\t\t\t<\/h3>\n\t\t\t\t\t\n\t\t\t\t\t\n\t\t\t\t\t\t\t\t\t\t\t<a class=\"elementor-flip-box__button elementor-button elementor-size-sm\" href=\"https:\/\/www.mitelsproduccions.com\/es\/gestio-dequipaments\/\">\n\t\t\t\t\t\t\tM\u00e1s info\t\t\t\t\t\t<\/a>\n\t\t\t\t\t\t\t\t<\/div>\n\t\t<\/div>\n\t\t<\/div>\n\t\t<\/div>\n\t\t\t\t<\/div>\n\t\t\t\t<\/div>\n\t\t\t\t<\/div>\n\t\t<div class=\"elementor-element elementor-element-beea015 e-con-full e-flex e-con e-child\" data-id=\"beea015\" data-element_type=\"container\">\n\t\t\t\t<div class=\"elementor-element elementor-element-53fdd0f elementor-flip-box--direction-left elementor-flip-box--effect-flip elementor-widget elementor-widget-flip-box\" data-id=\"53fdd0f\" data-element_type=\"widget\" data-widget_type=\"flip-box.default\">\n\t\t\t\t<div class=\"elementor-widget-container\">\n\t\t\t\t\t<div class=\"elementor-flip-box\" tabindex=\"0\">\n\t\t\t<div class=\"elementor-flip-box__layer elementor-flip-box__front\">\n\t\t\t\t<div class=\"elementor-flip-box__layer__overlay\">\n\t\t\t\t\t<div class=\"elementor-flip-box__layer__inner\">\n\t\t\t\t\t\t\t\t\t\t\t\t\t<div class=\"elementor-icon-wrapper elementor-view-default\">\n\t\t\t\t\t\t\t\t<div class=\"elementor-icon\">\n\t\t\t\t\t\t\t\t\t\t\t\t\t\t\t\t\t<\/div>\n\t\t\t\t\t\t\t<\/div>\n\t\t\t\t\t\t\n\t\t\t\t\t\t\t\t\t\t\t\t\t<h3 class=\"elementor-flip-box__layer__title\">\n\t\t\t\t\t\t\t\tProducci\u00f3n de eventos\t\t\t\t\t\t\t<\/h3>\n\t\t\t\t\t\t\n\t\t\t\t\t\t\t\t\t\t\t<\/div>\n\t\t\t\t<\/div>\n\t\t\t<\/div>\n\t\t\t<div class=\"elementor-flip-box__layer elementor-flip-box__back\">\n\t\t\t<div class=\"elementor-flip-box__layer__overlay\">\n\t\t\t\t<div class=\"elementor-flip-box__layer__inner\">\n\t\t\t\t\t\t\t\t\t\t\t<h3 class=\"elementor-flip-box__layer__title\">\n\t\t\t\t\t\t\tProducci\u00f3n de eventos\t\t\t\t\t\t<\/h3>\n\t\t\t\t\t\n\t\t\t\t\t\n\t\t\t\t\t\t\t\t\t\t\t<a class=\"elementor-flip-box__button elementor-button elementor-size-sm\" href=\"https:\/\/www.mitelsproduccions.com\/es\/produccio-desdeveniments\/\">\n\t\t\t\t\t\t\tM\u00e1s INFO\t\t\t\t\t\t<\/a>\n\t\t\t\t\t\t\t\t<\/div>\n\t\t<\/div>\n\t\t<\/div>\n\t\t<\/div>\n\t\t\t\t<\/div>\n\t\t\t\t<\/div>\n\t\t\t\t<\/div>\n\t\t\t\t\t<\/div>\n\t\t\t\t<\/div>\n\t\t<div class=\"elementor-element elementor-element-63c36b7 e-flex e-con-boxed e-con e-parent\" data-id=\"63c36b7\" data-element_type=\"container\">\n\t\t\t\t\t<div class=\"e-con-inner\">\n\t\t<div class=\"elementor-element elementor-element-aa294bb e-con-full e-flex e-con e-child\" data-id=\"aa294bb\" data-element_type=\"container\">\n\t\t\t\t<div class=\"elementor-element elementor-element-3bf020e elementor-flip-box--direction-left elementor-flip-box--effect-flip elementor-widget elementor-widget-flip-box\" data-id=\"3bf020e\" data-element_type=\"widget\" data-widget_type=\"flip-box.default\">\n\t\t\t\t<div class=\"elementor-widget-container\">\n\t\t\t\t\t<div class=\"elementor-flip-box\" tabindex=\"0\">\n\t\t\t<div class=\"elementor-flip-box__layer elementor-flip-box__front\">\n\t\t\t\t<div class=\"elementor-flip-box__layer__overlay\">\n\t\t\t\t\t<div class=\"elementor-flip-box__layer__inner\">\n\t\t\t\t\t\t\t\t\t\t\t\t\t<div class=\"elementor-icon-wrapper elementor-view-default\">\n\t\t\t\t\t\t\t\t<div class=\"elementor-icon\">\n\t\t\t\t\t\t\t\t\t\t\t\t\t\t\t\t\t<\/div>\n\t\t\t\t\t\t\t<\/div>\n\t\t\t\t\t\t\n\t\t\t\t\t\t\t\t\t\t\t\t\t<h3 class=\"elementor-flip-box__layer__title\">\n\t\t\t\t\t\t\t\tAlquiler de material\t\t\t\t\t\t\t<\/h3>\n\t\t\t\t\t\t\n\t\t\t\t\t\t\t\t\t\t\t<\/div>\n\t\t\t\t<\/div>\n\t\t\t<\/div>\n\t\t\t<div class=\"elementor-flip-box__layer elementor-flip-box__back\">\n\t\t\t<div class=\"elementor-flip-box__layer__overlay\">\n\t\t\t\t<div class=\"elementor-flip-box__layer__inner\">\n\t\t\t\t\t\t\t\t\t\t\t<h3 class=\"elementor-flip-box__layer__title\">\n\t\t\t\t\t\t\tAlquiler de material\t\t\t\t\t\t<\/h3>\n\t\t\t\t\t\n\t\t\t\t\t\n\t\t\t\t\t\t\t\t\t\t\t<a class=\"elementor-flip-box__button elementor-button elementor-size-sm\" href=\"https:\/\/www.mitelsproduccions.com\/es\/lloguer-de-material\/\">\n\t\t\t\t\t\t\tM\u00e1s info\t\t\t\t\t\t<\/a>\n\t\t\t\t\t\t\t\t<\/div>\n\t\t<\/div>\n\t\t<\/div>\n\t\t<\/div>\n\t\t\t\t<\/div>\n\t\t\t\t<\/div>\n\t\t\t\t<\/div>\n\t\t\t\t\t<\/div>\n\t\t\t\t<\/div>\n\t\t\t\t<\/div>","protected":false},"excerpt":{"rendered":"<p>ESPECIALISTAS EN SERVICIOS T\u00c9CNICOS Y AUXILIARES DE TEATRO.ContactoPRODUCCI\u00d3N Y GESTI\u00d3N DE EVENTOS CULTURALES, MUSICALES Y TEATRALESContactoIMAGINA. NOSOTROS LO HAREMOS REALIDADContactoM\u00c1S DE 25 A\u00d1OS DE EXPERIENCIA EN EL SECTORContacto Descubre nuestros servicios Servicios de personal Servicios de personal M\u00e1s info Producci\u00f3n t\u00e9cnica Producci\u00f3n t\u00e9cnica M\u00e1s info Gesti\u00f3n de equipamientos Gesti\u00f3n de equipamientos M\u00e1s info Producci\u00f3n de eventos Producci\u00f3n de eventos M\u00e1s INFO \u2026&nbsp;<a href=\"https:\/\/www.mitelsproduccions.com\/es\/\" class=\"\" rel=\"bookmark\">Leer m\u00e1s \u00bb<span class=\"screen-reader-text\">Inicio<\/span><\/a><\/p>","protected":false},"author":2,"featured_media":0,"parent":0,"menu_order":0,"comment_status":"closed","ping_status":"closed","template":"page-templates\/template-pagebuilder-full-width.php","meta":{"neve_meta_sidebar":"","neve_meta_container":"","neve_meta_enable_content_width":"off","neve_meta_content_width":100,"neve_meta_title_alignment":"","neve_meta_author_avatar":"","neve_post_elements_order":"","neve_meta_disable_header":"","neve_meta_disable_footer":"","neve_meta_disable_title":"","_joinchat":[],"footnotes":""},"class_list":["post-738","page","type-page","status-publish","hentry"],"yoast_head":"<!-- This site is optimized with the Yoast SEO plugin v23.8 - https:\/\/yoast.com\/wordpress\/plugins\/seo\/ -->\n<title>Inici - Mite\u2019ls | Especialistes en producci\u00f3 i gesti\u00f3 d&#039;esdeveniments culturals i teatrals<\/title>\n<meta name=\"robots\" content=\"index, follow, max-snippet:-1, max-image-preview:large, max-video-preview:-1\" \/>\n<link rel=\"canonical\" href=\"https:\/\/www.mitelsproduccions.com\/es\/\" \/>\n<meta property=\"og:locale\" content=\"es_ES\" \/>\n<meta property=\"og:type\" content=\"article\" \/>\n<meta property=\"og:title\" content=\"Inici - Mite\u2019ls | Especialistes en producci\u00f3 i gesti\u00f3 d&#039;esdeveniments culturals i teatrals\" \/>\n<meta property=\"og:description\" content=\"ESPECIALISTES EN SERVEIS T\u00c8CNICS I AUXILIARS DE TEATRE.ContactePRODUCCI\u00d3 I GESTI\u00d3 D\u2019ESDEVENIMENTS CULTURALS, MUSICALS I TEATRALSContacteIMAGINA. NOSALTRES HO FAREM REALITATContacteM\u00c9S DE 25 ANYS D\u2019EXPERI\u00c8NCIA AL SECTORContacte Descobreix els nostres serveis Serveis de personal Serveis de personal M\u00e9s info Producci\u00f3 t\u00e8cnica Producci\u00f3 t\u00e8cnica M\u00e9s info Gesti\u00f3 d\u2019equipaments Gesti\u00f3 d\u2019equipaments M\u00e9s info Producci\u00f3 d\u2019esdeveniments Producci\u00f3 d\u2019esdeveniments M\u00e9s INFO&hellip;&nbsp;Leer m\u00e1s &raquo;Inici\" \/>\n<meta property=\"og:url\" content=\"https:\/\/www.mitelsproduccions.com\/es\/\" \/>\n<meta property=\"og:site_name\" content=\"Mite\u2019ls | Especialistes en producci\u00f3 i gesti\u00f3 d&#039;esdeveniments culturals i teatrals\" \/>\n<meta property=\"article:modified_time\" content=\"2024-11-20T09:48:10+00:00\" \/>\n<meta name=\"twitter:card\" content=\"summary_large_image\" \/>\n<meta name=\"twitter:label1\" content=\"Tiempo de lectura\" \/>\n\t<meta name=\"twitter:data1\" content=\"1 minuto\" \/>\n<script type=\"application\/ld+json\" class=\"yoast-schema-graph\">{\"@context\":\"https:\/\/schema.org\",\"@graph\":[{\"@type\":\"WebPage\",\"@id\":\"https:\/\/www.mitelsproduccions.com\/\",\"url\":\"https:\/\/www.mitelsproduccions.com\/\",\"name\":\"Inici - Mite\u2019ls | Especialistes en producci\u00f3 i gesti\u00f3 d&#039;esdeveniments culturals i teatrals\",\"isPartOf\":{\"@id\":\"https:\/\/www.mitelsproduccions.com\/#website\"},\"datePublished\":\"2024-10-23T08:14:03+00:00\",\"dateModified\":\"2024-11-20T09:48:10+00:00\",\"breadcrumb\":{\"@id\":\"https:\/\/www.mitelsproduccions.com\/#breadcrumb\"},\"inLanguage\":\"es\",\"potentialAction\":[{\"@type\":\"ReadAction\",\"target\":[\"https:\/\/www.mitelsproduccions.com\/\"]}]},{\"@type\":\"BreadcrumbList\",\"@id\":\"https:\/\/www.mitelsproduccions.com\/#breadcrumb\",\"itemListElement\":[{\"@type\":\"ListItem\",\"position\":1,\"name\":\"Portada\",\"item\":\"https:\/\/www.mitelsproduccions.com\/\"},{\"@type\":\"ListItem\",\"position\":2,\"name\":\"Inici\"}]},{\"@type\":\"WebSite\",\"@id\":\"https:\/\/www.mitelsproduccions.com\/#website\",\"url\":\"https:\/\/www.mitelsproduccions.com\/\",\"name\":\"Mite\u2019ls | Especialistes en producci\u00f3 i gesti\u00f3 d'esdeveniments culturals i teatrals\",\"description\":\"A Mite\u2019ls, ens especialitzem en proporcionar solucions adaptades a cada necessitat. Des de la gesti\u00f3 d\u2019esdeveniments i exposicions fins a la oferta de servei de personal i equipament, oferim una \u00e0mplia gamma de serveis per assegurar que cada projecte sigui un \u00e8xit.\",\"potentialAction\":[{\"@type\":\"SearchAction\",\"target\":{\"@type\":\"EntryPoint\",\"urlTemplate\":\"https:\/\/www.mitelsproduccions.com\/?s={search_term_string}\"},\"query-input\":{\"@type\":\"PropertyValueSpecification\",\"valueRequired\":true,\"valueName\":\"search_term_string\"}}],\"inLanguage\":\"es\"}]}<\/script>\n<!-- \/ Yoast SEO plugin. -->","yoast_head_json":{"title":"Inici - Mite\u2019ls | Especialistes en producci\u00f3 i gesti\u00f3 d&#039;esdeveniments culturals i teatrals","robots":{"index":"index","follow":"follow","max-snippet":"max-snippet:-1","max-image-preview":"max-image-preview:large","max-video-preview":"max-video-preview:-1"},"canonical":"https:\/\/www.mitelsproduccions.com\/es\/","og_locale":"es_ES","og_type":"article","og_title":"Inici - Mite\u2019ls | Especialistes en producci\u00f3 i gesti\u00f3 d&#039;esdeveniments culturals i teatrals","og_description":"ESPECIALISTES EN SERVEIS T\u00c8CNICS I AUXILIARS DE TEATRE.ContactePRODUCCI\u00d3 I GESTI\u00d3 D\u2019ESDEVENIMENTS CULTURALS, MUSICALS I TEATRALSContacteIMAGINA. NOSALTRES HO FAREM REALITATContacteM\u00c9S DE 25 ANYS D\u2019EXPERI\u00c8NCIA AL SECTORContacte Descobreix els nostres serveis Serveis de personal Serveis de personal M\u00e9s info Producci\u00f3 t\u00e8cnica Producci\u00f3 t\u00e8cnica M\u00e9s info Gesti\u00f3 d\u2019equipaments Gesti\u00f3 d\u2019equipaments M\u00e9s info Producci\u00f3 d\u2019esdeveniments Producci\u00f3 d\u2019esdeveniments M\u00e9s INFO&hellip;&nbsp;Leer m\u00e1s &raquo;Inici","og_url":"https:\/\/www.mitelsproduccions.com\/es\/","og_site_name":"Mite\u2019ls | Especialistes en producci\u00f3 i gesti\u00f3 d&#039;esdeveniments culturals i teatrals","article_modified_time":"2024-11-20T09:48:10+00:00","twitter_card":"summary_large_image","twitter_misc":{"Tiempo de lectura":"1 minuto"},"schema":{"@context":"https:\/\/schema.org","@graph":[{"@type":"WebPage","@id":"https:\/\/www.mitelsproduccions.com\/","url":"https:\/\/www.mitelsproduccions.com\/","name":"Inici - Mite\u2019ls | Especialistes en producci\u00f3 i gesti\u00f3 d&#039;esdeveniments culturals i teatrals","isPartOf":{"@id":"https:\/\/www.mitelsproduccions.com\/#website"},"datePublished":"2024-10-23T08:14:03+00:00","dateModified":"2024-11-20T09:48:10+00:00","breadcrumb":{"@id":"https:\/\/www.mitelsproduccions.com\/#breadcrumb"},"inLanguage":"es","potentialAction":[{"@type":"ReadAction","target":["https:\/\/www.mitelsproduccions.com\/"]}]},{"@type":"BreadcrumbList","@id":"https:\/\/www.mitelsproduccions.com\/#breadcrumb","itemListElement":[{"@type":"ListItem","position":1,"name":"Portada","item":"https:\/\/www.mitelsproduccions.com\/"},{"@type":"ListItem","position":2,"name":"Inici"}]},{"@type":"WebSite","@id":"https:\/\/www.mitelsproduccions.com\/#website","url":"https:\/\/www.mitelsproduccions.com\/","name":"Mite\u2019ls | Especialistes en producci\u00f3 i gesti\u00f3 d'esdeveniments culturals i teatrals","description":"A Mite\u2019ls, ens especialitzem en proporcionar solucions adaptades a cada necessitat. Des de la gesti\u00f3 d\u2019esdeveniments i exposicions fins a la oferta de servei de personal i equipament, oferim una \u00e0mplia gamma de serveis per assegurar que cada projecte sigui un \u00e8xit.","potentialAction":[{"@type":"SearchAction","target":{"@type":"EntryPoint","urlTemplate":"https:\/\/www.mitelsproduccions.com\/?s={search_term_string}"},"query-input":{"@type":"PropertyValueSpecification","valueRequired":true,"valueName":"search_term_string"}}],"inLanguage":"es"}]}},"_links":{"self":[{"href":"https:\/\/www.mitelsproduccions.com\/es\/wp-json\/wp\/v2\/pages\/738","targetHints":{"allow":["GET"]}}],"collection":[{"href":"https:\/\/www.mitelsproduccions.com\/es\/wp-json\/wp\/v2\/pages"}],"about":[{"href":"https:\/\/www.mitelsproduccions.com\/es\/wp-json\/wp\/v2\/types\/page"}],"author":[{"embeddable":true,"href":"https:\/\/www.mitelsproduccions.com\/es\/wp-json\/wp\/v2\/users\/2"}],"replies":[{"embeddable":true,"href":"https:\/\/www.mitelsproduccions.com\/es\/wp-json\/wp\/v2\/comments?post=738"}],"version-history":[{"count":76,"href":"https:\/\/www.mitelsproduccions.com\/es\/wp-json\/wp\/v2\/pages\/738\/revisions"}],"predecessor-version":[{"id":1267,"href":"https:\/\/www.mitelsproduccions.com\/es\/wp-json\/wp\/v2\/pages\/738\/revisions\/1267"}],"wp:attachment":[{"href":"https:\/\/www.mitelsproduccions.com\/es\/wp-json\/wp\/v2\/media?parent=738"}],"curies":[{"name":"wp","href":"https:\/\/api.w.org\/{rel}","templated":true}]}}