{"id":1151,"date":"2024-11-07T08:49:06","date_gmt":"2024-11-07T07:49:06","guid":{"rendered":"https:\/\/www.mitelsproduccions.com\/?page_id=1151"},"modified":"2024-11-07T08:53:40","modified_gmt":"2024-11-07T07:53:40","slug":"politica-de-privacitat","status":"publish","type":"page","link":"http:\/\/www.mitelsproduccions.com\/es\/politica-de-privacitat\/","title":{"rendered":"Pol\u00edtica de privacidad"},"content":{"rendered":"<div data-elementor-type=\"wp-page\" data-elementor-id=\"1151\" class=\"elementor elementor-1151\" data-elementor-post-type=\"page\">\n\t\t\t\t<div class=\"elementor-element elementor-element-d2f5da4 e-flex e-con-boxed e-con e-parent\" data-id=\"d2f5da4\" data-element_type=\"container\">\n\t\t\t\t\t<div class=\"e-con-inner\">\n\t\t\t\t<div class=\"elementor-element elementor-element-3a2a61e elementor-widget elementor-widget-text-editor\" data-id=\"3a2a61e\" data-element_type=\"widget\" data-widget_type=\"text-editor.default\">\n\t\t\t\t<div class=\"elementor-widget-container\">\n\t\t\t\t\t\t\t<div class=\"elementor-element elementor-element-d3d5624 elementor-widget elementor-widget-heading animated fadeInLeft\" data-id=\"d3d5624\" data-element_type=\"widget\" data-settings=\"{&quot;_animation&quot;:&quot;fadeInLeft&quot;}\" data-widget_type=\"heading.default\"><div class=\"elementor-widget-container\"><h1>\u00a0<\/h1><div class=\"elementor-element elementor-element-6bdf8412 elementor-widget elementor-widget-heading animated fadeInLeft\" data-id=\"6bdf8412\" data-element_type=\"widget\" data-settings=\"{&quot;_animation&quot;:&quot;fadeInLeft&quot;}\" data-widget_type=\"heading.default\"><div class=\"elementor-widget-container\"><h1 class=\"elementor-heading-title elementor-size-default\">Pol\u00edtica de privacidad<\/h1><\/div><\/div><div class=\"elementor-element elementor-element-1c369f88 elementor-widget-divider--view-line elementor-widget elementor-widget-divider animated fadeInRight\" data-id=\"1c369f88\" data-element_type=\"widget\" data-settings=\"{&quot;_animation&quot;:&quot;fadeInRight&quot;}\" data-widget_type=\"divider.default\"><div class=\"elementor-widget-container\"><div class=\"elementor-divider\">\u00a0<\/div><\/div><\/div><p>A trav\u00e9s del presente aviso, se informa que los datos personales que se proporcionan a trav\u00e9s de esta p\u00e1gina web ser\u00e1n tratados por MITE&#039;LS PRODUCCIONS SL, con NIF B64057144, domicilio en ESTRELLA, 93 \u2013 08201 SABADELL (Barcelona), tel\u00e9fono 695644858i correo electr\u00f3nico <a href=\"mailto:info@mitelsproduccions.com\">info@mitelsproduccions.com<\/a>\u00a0(en adelante, el Prestador del Servicio).<\/p><p>La finalidad del tratamiento de los datos que nos proporcionan los usuarios es exclusivamente realizar su solicitud o consulta que realice a trav\u00e9s de este sitio web y, en su caso, si el usuario consiente expresamente marcando la casilla correspondiente al pie del formulario de recogida de datos, env\u00edales informaci\u00f3n sobre las actividades del Prestador del Servicio que puedan ser de su inter\u00e9s. , por cualquier medio, incluidos los medios electr\u00f3nicos. El consentimiento prestado, que constituye la base legal que legitima el tratamiento de los datos, ser\u00e1 revocable en cualquier momento sin afectar a la licitud del tratamiento en funci\u00f3n del consentimiento previo a su retirada.<\/p><p>Salvo que se indique lo contrario, se considerar\u00e1 necesario rellenar todos los datos requeridos en el formulario de datos. En caso de que no aporte todos los datos estimados seg\u00fan sea necesario, el Prestador del Servicio podr\u00e1, en funci\u00f3n del caso, no hacer la solicitud espec\u00edfica que se haga. Los datos facilitados se conservar\u00e1n hasta el momento en que el usuario decida revocar su consentimiento en el tratamiento.<\/p><p>El usuario debe cumplimentar los formularios con datos verdaderos, exactos, completos y actualizados, respondiendo a los da\u00f1os y perjuicios que se puedan ocasionar por la cumplimentaci\u00f3n defectuosa de los formularios con datos falsos, inexactos, incompletos o no actualizados.<\/p><p>El Prestador del Servicio ha adoptado los niveles de seguridad de protecci\u00f3n de datos de car\u00e1cter personal exigidos por la legislaci\u00f3n vigente en materia de protecci\u00f3n de datos, instalando las medidas t\u00e9cnicas y organizativas necesarias para evitar la p\u00e9rdida, mal uso, alteraci\u00f3n, acceso no autorizado y otros posibles riesgos Asimismo, el Prestador del Servicio se compromete a cumplir con su obligaci\u00f3n de secreto de los datos personales y de su deber de conservarlos y tomar\u00e1 todas las medidas necesarias para evitar su alteraci\u00f3n, p\u00e9rdida, tratamiento o acceso no autorizado, teniendo en cuenta en todo momento el estado de la tecnolog\u00eda.<\/p><p>El interesado tiene derecho a solicitar el acceso, su rectificaci\u00f3n o supresi\u00f3n, as\u00ed como la limitaci\u00f3n de su tratamiento, a oponerse ya la portabilidad de sus datos, en los casos previstos en el Reglamento General de Protecci\u00f3n de Datos, mediante el env\u00edo de una comunicaci\u00f3n escrita a MITELS PRODUCCIONS SL., en la siguiente direcci\u00f3n postal ESTRELLA, 93 \u2013 08201 SABADELL (Barcelona) y\/o electr\u00f3nica <a href=\"mailto:info@mitelsproduccions.com\">info@mitelsproduccions.com<\/a>\u00a0 en la que se acredite la identidad del usuario. \u00a0\u00a0\u00a0\u00a0\u00a0<\/p><p>En caso de que el Prestador de Servicios proporcione cualquier tipo de servicio especial en el que determine disposiciones espec\u00edficas distintas de las mismas, en cuanto a la protecci\u00f3n de datos, prevalecer\u00e1 la aplicaci\u00f3n de las normas particulares indicadas para este servicio en particular sobre los presentes, en caso de discrepancias.<\/p><p>El Prestador del Servicio se reserva el derecho a modificar esta pol\u00edtica, informando con antelaci\u00f3n de los cambios que se le produzcan.<\/p><p>El usuario tiene derecho a presentar una reclamaci\u00f3n ante la Agencia Espa\u00f1ola de Protecci\u00f3n de Datos si considera que se han vulnerado sus derechos de protecci\u00f3n de datos.<\/p><\/div><\/div>\t\t\t\t\t\t<\/div>\n\t\t\t\t<\/div>\n\t\t\t\t\t<\/div>\n\t\t\t\t<\/div>\n\t\t\t\t<\/div>","protected":false},"excerpt":{"rendered":"<p>\u00a0 Pol\u00edtica de privacidad A trav\u00e9s del presente aviso, se informa que los datos personales que se proporcionan a trav\u00e9s de esta p\u00e1gina web ser\u00e1n tratados por MITE&#039;LS PRODUCCIONS SL, con NIF B64057144, domicilio en ESTRELLA, 93 \u2013 08201 SABADELL (Barcelona) , tel\u00e9fono 695644858 y correo electr\u00f3nico info@mitelsproduccions.com (en adelante, el Prestador del Servicio). La finalidad del tratamiento de\u2026&nbsp;<a href=\"http:\/\/www.mitelsproduccions.com\/es\/politica-de-privacitat\/\" class=\"\" rel=\"bookmark\">Leer m\u00e1s \u00bb<span class=\"screen-reader-text\">Pol\u00edtica de privacidad<\/span><\/a><\/p>","protected":false},"author":2,"featured_media":0,"parent":0,"menu_order":0,"comment_status":"closed","ping_status":"closed","template":"page-templates\/template-pagebuilder-full-width.php","meta":{"neve_meta_sidebar":"","neve_meta_container":"","neve_meta_enable_content_width":"","neve_meta_content_width":0,"neve_meta_title_alignment":"","neve_meta_author_avatar":"","neve_post_elements_order":"","neve_meta_disable_header":"","neve_meta_disable_footer":"","neve_meta_disable_title":"","_joinchat":[],"footnotes":""},"class_list":["post-1151","page","type-page","status-publish","hentry"],"yoast_head":"<!-- This site is optimized with the Yoast SEO plugin v23.8 - https:\/\/yoast.com\/wordpress\/plugins\/seo\/ -->\n<title>Pol\u00edtica de privacitat - Mite\u2019ls | Especialistes en producci\u00f3 i gesti\u00f3 d&#039;esdeveniments culturals i teatrals<\/title>\n<meta name=\"robots\" content=\"index, follow, max-snippet:-1, max-image-preview:large, max-video-preview:-1\" \/>\n<link rel=\"canonical\" href=\"https:\/\/www.mitelsproduccions.com\/es\/politica-de-privacitat\/\" \/>\n<meta property=\"og:locale\" content=\"es_ES\" \/>\n<meta property=\"og:type\" content=\"article\" \/>\n<meta property=\"og:title\" content=\"Pol\u00edtica de privacitat - Mite\u2019ls | Especialistes en producci\u00f3 i gesti\u00f3 d&#039;esdeveniments culturals i teatrals\" \/>\n<meta property=\"og:description\" content=\"\u00a0 Pol\u00edtica de privacitat \u00a0 A trav\u00e9s del present av\u00eds, s\u2019informa que les dades personals que es proporcionen a trav\u00e9s d\u2019aquesta p\u00e0gina web seran tractats per MITE&#8217;LS PRODUCCIONS SL, amb NIF B64057144, domicili a ESTRELLA, 93 &#8211; 08201 SABADELL (Barcelona), tel\u00e8fon 695644858i correu electr\u00f2nic info@mitelsproduccions.com\u00a0(en endavant, el Prestador del Servei). La finalitat del tractament de&hellip;&nbsp;Leer m\u00e1s &raquo;Pol\u00edtica de privacitat\" \/>\n<meta property=\"og:url\" content=\"https:\/\/www.mitelsproduccions.com\/es\/politica-de-privacitat\/\" \/>\n<meta property=\"og:site_name\" content=\"Mite\u2019ls | Especialistes en producci\u00f3 i gesti\u00f3 d&#039;esdeveniments culturals i teatrals\" \/>\n<meta property=\"article:modified_time\" content=\"2024-11-07T07:53:40+00:00\" \/>\n<meta name=\"twitter:card\" content=\"summary_large_image\" \/>\n<meta name=\"twitter:label1\" content=\"Tiempo de lectura\" \/>\n\t<meta name=\"twitter:data1\" content=\"5 minutos\" \/>\n<script type=\"application\/ld+json\" class=\"yoast-schema-graph\">{\"@context\":\"https:\/\/schema.org\",\"@graph\":[{\"@type\":\"WebPage\",\"@id\":\"https:\/\/www.mitelsproduccions.com\/politica-de-privacitat\/\",\"url\":\"https:\/\/www.mitelsproduccions.com\/politica-de-privacitat\/\",\"name\":\"Pol\u00edtica de privacitat - Mite\u2019ls | Especialistes en producci\u00f3 i gesti\u00f3 d&#039;esdeveniments culturals i teatrals\",\"isPartOf\":{\"@id\":\"https:\/\/www.mitelsproduccions.com\/#website\"},\"datePublished\":\"2024-11-07T07:49:06+00:00\",\"dateModified\":\"2024-11-07T07:53:40+00:00\",\"breadcrumb\":{\"@id\":\"https:\/\/www.mitelsproduccions.com\/politica-de-privacitat\/#breadcrumb\"},\"inLanguage\":\"es\",\"potentialAction\":[{\"@type\":\"ReadAction\",\"target\":[\"https:\/\/www.mitelsproduccions.com\/politica-de-privacitat\/\"]}]},{\"@type\":\"BreadcrumbList\",\"@id\":\"https:\/\/www.mitelsproduccions.com\/politica-de-privacitat\/#breadcrumb\",\"itemListElement\":[{\"@type\":\"ListItem\",\"position\":1,\"name\":\"Portada\",\"item\":\"https:\/\/www.mitelsproduccions.com\/\"},{\"@type\":\"ListItem\",\"position\":2,\"name\":\"Pol\u00edtica de privacitat\"}]},{\"@type\":\"WebSite\",\"@id\":\"https:\/\/www.mitelsproduccions.com\/#website\",\"url\":\"https:\/\/www.mitelsproduccions.com\/\",\"name\":\"Mite\u2019ls | Especialistes en producci\u00f3 i gesti\u00f3 d'esdeveniments culturals i teatrals\",\"description\":\"A Mite\u2019ls, ens especialitzem en proporcionar solucions adaptades a cada necessitat. Des de la gesti\u00f3 d\u2019esdeveniments i exposicions fins a la oferta de servei de personal i equipament, oferim una \u00e0mplia gamma de serveis per assegurar que cada projecte sigui un \u00e8xit.\",\"potentialAction\":[{\"@type\":\"SearchAction\",\"target\":{\"@type\":\"EntryPoint\",\"urlTemplate\":\"https:\/\/www.mitelsproduccions.com\/?s={search_term_string}\"},\"query-input\":{\"@type\":\"PropertyValueSpecification\",\"valueRequired\":true,\"valueName\":\"search_term_string\"}}],\"inLanguage\":\"es\"}]}<\/script>\n<!-- \/ Yoast SEO plugin. -->","yoast_head_json":{"title":"Pol\u00edtica de privacitat - Mite\u2019ls | Especialistes en producci\u00f3 i gesti\u00f3 d&#039;esdeveniments culturals i teatrals","robots":{"index":"index","follow":"follow","max-snippet":"max-snippet:-1","max-image-preview":"max-image-preview:large","max-video-preview":"max-video-preview:-1"},"canonical":"https:\/\/www.mitelsproduccions.com\/es\/politica-de-privacitat\/","og_locale":"es_ES","og_type":"article","og_title":"Pol\u00edtica de privacitat - Mite\u2019ls | Especialistes en producci\u00f3 i gesti\u00f3 d&#039;esdeveniments culturals i teatrals","og_description":"\u00a0 Pol\u00edtica de privacitat \u00a0 A trav\u00e9s del present av\u00eds, s\u2019informa que les dades personals que es proporcionen a trav\u00e9s d\u2019aquesta p\u00e0gina web seran tractats per MITE&#8217;LS PRODUCCIONS SL, amb NIF B64057144, domicili a ESTRELLA, 93 &#8211; 08201 SABADELL (Barcelona), tel\u00e8fon 695644858i correu electr\u00f2nic info@mitelsproduccions.com\u00a0(en endavant, el Prestador del Servei). La finalitat del tractament de&hellip;&nbsp;Leer m\u00e1s &raquo;Pol\u00edtica de privacitat","og_url":"https:\/\/www.mitelsproduccions.com\/es\/politica-de-privacitat\/","og_site_name":"Mite\u2019ls | Especialistes en producci\u00f3 i gesti\u00f3 d&#039;esdeveniments culturals i teatrals","article_modified_time":"2024-11-07T07:53:40+00:00","twitter_card":"summary_large_image","twitter_misc":{"Tiempo de lectura":"5 minutos"},"schema":{"@context":"https:\/\/schema.org","@graph":[{"@type":"WebPage","@id":"https:\/\/www.mitelsproduccions.com\/politica-de-privacitat\/","url":"https:\/\/www.mitelsproduccions.com\/politica-de-privacitat\/","name":"Pol\u00edtica de privacitat - Mite\u2019ls | Especialistes en producci\u00f3 i gesti\u00f3 d&#039;esdeveniments culturals i teatrals","isPartOf":{"@id":"https:\/\/www.mitelsproduccions.com\/#website"},"datePublished":"2024-11-07T07:49:06+00:00","dateModified":"2024-11-07T07:53:40+00:00","breadcrumb":{"@id":"https:\/\/www.mitelsproduccions.com\/politica-de-privacitat\/#breadcrumb"},"inLanguage":"es","potentialAction":[{"@type":"ReadAction","target":["https:\/\/www.mitelsproduccions.com\/politica-de-privacitat\/"]}]},{"@type":"BreadcrumbList","@id":"https:\/\/www.mitelsproduccions.com\/politica-de-privacitat\/#breadcrumb","itemListElement":[{"@type":"ListItem","position":1,"name":"Portada","item":"https:\/\/www.mitelsproduccions.com\/"},{"@type":"ListItem","position":2,"name":"Pol\u00edtica de privacitat"}]},{"@type":"WebSite","@id":"https:\/\/www.mitelsproduccions.com\/#website","url":"https:\/\/www.mitelsproduccions.com\/","name":"Mite\u2019ls | Especialistes en producci\u00f3 i gesti\u00f3 d'esdeveniments culturals i teatrals","description":"A Mite\u2019ls, ens especialitzem en proporcionar solucions adaptades a cada necessitat. Des de la gesti\u00f3 d\u2019esdeveniments i exposicions fins a la oferta de servei de personal i equipament, oferim una \u00e0mplia gamma de serveis per assegurar que cada projecte sigui un \u00e8xit.","potentialAction":[{"@type":"SearchAction","target":{"@type":"EntryPoint","urlTemplate":"https:\/\/www.mitelsproduccions.com\/?s={search_term_string}"},"query-input":{"@type":"PropertyValueSpecification","valueRequired":true,"valueName":"search_term_string"}}],"inLanguage":"es"}]}},"_links":{"self":[{"href":"http:\/\/www.mitelsproduccions.com\/es\/wp-json\/wp\/v2\/pages\/1151","targetHints":{"allow":["GET"]}}],"collection":[{"href":"http:\/\/www.mitelsproduccions.com\/es\/wp-json\/wp\/v2\/pages"}],"about":[{"href":"http:\/\/www.mitelsproduccions.com\/es\/wp-json\/wp\/v2\/types\/page"}],"author":[{"embeddable":true,"href":"http:\/\/www.mitelsproduccions.com\/es\/wp-json\/wp\/v2\/users\/2"}],"replies":[{"embeddable":true,"href":"http:\/\/www.mitelsproduccions.com\/es\/wp-json\/wp\/v2\/comments?post=1151"}],"version-history":[{"count":6,"href":"http:\/\/www.mitelsproduccions.com\/es\/wp-json\/wp\/v2\/pages\/1151\/revisions"}],"predecessor-version":[{"id":1157,"href":"http:\/\/www.mitelsproduccions.com\/es\/wp-json\/wp\/v2\/pages\/1151\/revisions\/1157"}],"wp:attachment":[{"href":"http:\/\/www.mitelsproduccions.com\/es\/wp-json\/wp\/v2\/media?parent=1151"}],"curies":[{"name":"wp","href":"https:\/\/api.w.org\/{rel}","templated":true}]}}